{"id":683,"date":"2018-04-10T09:50:51","date_gmt":"2018-04-10T09:50:51","guid":{"rendered":"http:\/\/www.fercogestion.com\/?page_id=683"},"modified":"2025-01-20T16:56:36","modified_gmt":"2025-01-20T16:56:36","slug":"condiciones-legales","status":"publish","type":"page","link":"https:\/\/www.fercogestion.com\/es\/condiciones-legales\/","title":{"rendered":"Condiciones legales"},"content":{"rendered":"<h1><strong>CONDICIONES GENERALES DE CONTRATACI\u00d3N<\/strong><\/h1>\n<p>&nbsp;<\/p>\n<p>Este documento establece las condiciones generales de contrataci\u00f3n (en lo sucesivo\u00a0<strong>\u00abCGC\u00bb<\/strong>) de la empresa<strong>FERCO GESTION S.L.<\/strong>\u00a0(en lo sucesivo\u00a0<strong>\u00abFERCO FINANCIA\u00bb<\/strong>). Las CGC regulan la relaci\u00f3n contractual entre<strong>FERCO FINANCIA<\/strong>\u00a0y las personas f\u00edsicas y jur\u00eddicas que suscriban con la citada empresa el correspondiente contrato de intermediaci\u00f3n para la concesi\u00f3n de cr\u00e9ditos o pr\u00e9stamos (en lo sucesivo,\u00a0<strong>\u00abLOS CLIENTES\u00bb<\/strong>), y quedar\u00e1n incorporadas al mismo.<\/p>\n<ol>\n<li><strong>FERCO GESTION S.L<\/strong>, con CIF B-64843626, y domicilio en calle Paris 206 Pral 2\u00aa, inscrita en el Registro Mercantil de Barcelona, al tomo 40432, Folio 70, Hoja B 368260, Inscripci\u00f3n 1\u00aa es una entidad mercantil que opera en el mercado financiero espa\u00f1ol actuando como intermediario independiente entre las diferentes entidades financieras que deseen otorgar financiaci\u00f3n y las personas f\u00edsicas y jur\u00eddicas que precisen la concesi\u00f3n de cr\u00e9ditos o pr\u00e9stamos hipotecarios.<\/li>\n<li><strong>FERCO FINANCIA<\/strong>\u00a0se compromete a seleccionar, entre los productos que se ofrecen en el mercado, los que mejor se adapten a las necesidades de\u00a0<strong>LOS CLIENTES,\u00a0<\/strong>teniendo en cuenta la informaci\u00f3n proporcionada por \u00e9stos a\u00a0<strong>FERCO FINANCIA,\u00a0<\/strong>present\u00e1ndole al menos tres ofertas vinculantes de entidades de cr\u00e9dito u otras empresas sobre cuyas condiciones jur\u00eddicas o econ\u00f3micas les asesorar\u00e1.\u00a0No obstante en el supuesto que una vez estudiada la documentaci\u00f3n aportada por\u00a0<strong>LOS CLIENTES,\u00a0<\/strong>no fuera posible presentarle tres ofertas vinculantes debido a las condiciones del mercado financiero, estos podr\u00e1n desistir del contrato sin coste econ\u00f3mico alguno, o bien aceptar la\/s ofertas que se le proponga\/n, en los t\u00e9rminos indicados en el clausulado del contrato.<\/li>\n<li>El precio total que\u00a0<strong>LOS CLIENTES\u00a0<\/strong>deber\u00e1n abonar a\u00a0<strong>FERCO FINANCIA<\/strong>\u00a0por su labor de intermediaci\u00f3n financiera, tras haber seleccionado, entre los productos que se ofrecen en el mercado, los que mejor se adapten a las caracter\u00edsticas del cr\u00e9dito solicitado por aquellos, ser\u00e1 de un MAXIMO del 5% del principal del pr\u00e9stamo siempre y cuando se suscriba finalmente la oferta vinculante que le presente\u00a0<strong>FERCO FINANCIA<\/strong>, minut\u00e1ndose aparte los impuestos y gastos que no se paguen a trav\u00e9s de\u00a0<strong>FERCO FINANCIA,\u00a0<\/strong>como por ejemplo, notar\u00eda, registro, impuestos, gestor\u00eda, etc \u0085, as\u00ed como los servicios y productos que puedan ser necesarios contratar durante la tramitaci\u00f3n del pr\u00e9stamo o cr\u00e9dito, como por ejemplo seguros y tasaci\u00f3n.\u00a0En el supuesto que\u00a0<strong>LOS CLIENTES<\/strong>, decidan no firmar ninguna de las ofertas vinculantes presentadas por\u00a0<strong>FERCO FINANCIA,\u00a0<\/strong>no tendr\u00e1n que abonar cantidad alguna en concepto de honorarios, siendo los servicios prestados hasta ese momento gratuitos.<\/li>\n<li>Los honorarios ser\u00e1n abonados a\u00a0<strong>FERCO FINANCIA\u00a0<\/strong>en el momento de la firma del nuevo cr\u00e9dito o pr\u00e9stamo hipotecario, a trav\u00e9s de cheque bancario, o mediante ingreso efectuado en cuenta corriente indicada a tal efecto.<\/li>\n<li><strong>LOS CLIENTES\u00a0<\/strong>podr\u00e1n desistir del contrato de intermediaci\u00f3n suscrito con\u00a0<strong>FERCO FINANCIA<\/strong>\u00a0en los catorce d\u00edas naturales siguientes a la formalizaci\u00f3n del mismo, sin alegaci\u00f3n de causa alguna y sin penalizaci\u00f3n, remitiendo a\u00a0<strong>FERCO FINANCIA\u00a0<\/strong>el correspondiente requerimiento fehaciente, dentro del plazo indicado, a la calle Villarroel 216, 2\u00ba 4\u00aa (Barcelona).<\/li>\n<li><strong>FERCO FINANCIA\u00a0<\/strong>podr\u00e1 resolver el contrato una vez haya constatado la imposibilidad de encontrar una soluci\u00f3n en el mercado que se ajuste a los requerimientos de\u00a0<strong>LOS CLIENTES,\u00a0<\/strong>notific\u00e1ndoselo a \u00e9stos por escrito, v\u00eda electr\u00f3nica, fax o correo ordinario.<\/li>\n<li><strong>FERCO FINANCIA\u00a0<\/strong>dispone de p\u00e1gina web\u00a0<a href=\"http:\/\/www.fercogestion.com\/\">www.fercogestion.com<\/a><\/li>\n<li>De acuerdo con lo establecido por la Ley Org\u00e1nica 15\/1999 de Protecci\u00f3n de Datos de Car\u00e1cter Personal, le informamos que sus datos personales ser\u00e1n incluidos en un fichero automatizado bajo la responsabilidad de FERCO GESTION, S.L., con el fin de poder atender a los compromisos derivados de la relaci\u00f3n que mantenemos con usted.<\/li>\n<\/ol>\n<p>As\u00ed mismo, le informamos que puede ejercer sus derechos de acceso, cancelaci\u00f3n, recitificaci\u00f3n y oposici\u00f3n mediante escrito a nuestra direcci\u00f3n Calle Paris 206, pral 2\u00aa (Barcelona).<\/p>\n<p>Mientras no nos comunique lo contrario, entenderemos que sus datos no han sido modificados, que usted se compromete a notificarnos cualquier variaci\u00f3n y que tenemos el consentimiento para utilizarlos con objeto de poder fidelizar la relaci\u00f3n entre las partes. Tambi\u00e9n solicitamos su consentimiento para la comunicaci\u00f3n de los datos a otras empresas cuando esta comunicaci\u00f3n sea necesaria para la ejecuci\u00f3n del presente contrato o pueda suponer una mejora en la relaci\u00f3n entre ambas partes y ceder los datos a entidades financieras para poder conseguir la financiaci\u00f3n requerida.<\/p>\n<p>Para cualquier duda, interpretaci\u00f3n o ejecuci\u00f3n del contrato de intermediaci\u00f3n que los\u00a0<strong>CLIENTES\u00a0<\/strong>suscriban con\u00a0<strong>FERCO FINANCIA<\/strong>, ambas partes con renuncia expresa a su propio fuero, o a cualquier otro que pudiera corresponderles se someter\u00e1n al a Jurisdicci\u00f3n de los Juzgados y Tribunales de Barcelona, renunciando expresamente al arbitraje de consumo.<\/p>\n","protected":false},"excerpt":{"rendered":"<p>CONDICIONES GENERALES DE CONTRATACI\u00d3N &nbsp; Este documento establece las condiciones generales de contrataci\u00f3n (en lo sucesivo\u00a0\u00abCGC\u00bb) de la empresaFERCO GESTION S.L.\u00a0(en lo sucesivo\u00a0\u00abFERCO FINANCIA\u00bb). Las CGC regulan la relaci\u00f3n contractual entreFERCO FINANCIA\u00a0y las personas f\u00edsicas y jur\u00eddicas que suscriban con&#8230; <span class=\"read-more\">leer m\u00e1s<\/span><\/p>\n","protected":false},"author":1,"featured_media":295,"parent":0,"menu_order":0,"comment_status":"closed","ping_status":"closed","template":"page-confirmacion.php","meta":{"footnotes":""},"class_list":["post-683","page","type-page","status-publish","has-post-thumbnail","hentry"],"acf":[],"_links":{"self":[{"href":"https:\/\/www.fercogestion.com\/es\/wp-json\/wp\/v2\/pages\/683","targetHints":{"allow":["GET"]}}],"collection":[{"href":"https:\/\/www.fercogestion.com\/es\/wp-json\/wp\/v2\/pages"}],"about":[{"href":"https:\/\/www.fercogestion.com\/es\/wp-json\/wp\/v2\/types\/page"}],"author":[{"embeddable":true,"href":"https:\/\/www.fercogestion.com\/es\/wp-json\/wp\/v2\/users\/1"}],"replies":[{"embeddable":true,"href":"https:\/\/www.fercogestion.com\/es\/wp-json\/wp\/v2\/comments?post=683"}],"version-history":[{"count":3,"href":"https:\/\/www.fercogestion.com\/es\/wp-json\/wp\/v2\/pages\/683\/revisions"}],"predecessor-version":[{"id":690,"href":"https:\/\/www.fercogestion.com\/es\/wp-json\/wp\/v2\/pages\/683\/revisions\/690"}],"wp:featuredmedia":[{"embeddable":true,"href":"https:\/\/www.fercogestion.com\/es\/wp-json\/wp\/v2\/media\/295"}],"wp:attachment":[{"href":"https:\/\/www.fercogestion.com\/es\/wp-json\/wp\/v2\/media?parent=683"}],"curies":[{"name":"wp","href":"https:\/\/api.w.org\/{rel}","templated":true}]}}