{"id":1143,"date":"2019-07-29T14:49:35","date_gmt":"2019-07-29T14:49:35","guid":{"rendered":"http:\/\/www.fercogestion.com\/?page_id=1143"},"modified":"2019-07-29T15:43:35","modified_gmt":"2019-07-29T15:43:35","slug":"gracias-3","status":"publish","type":"page","link":"https:\/\/www.fercogestion.com\/es\/contacto\/gracias-3\/","title":{"rendered":"Confirmaci\u00f3n &#8211; Nos encargamos de todo"},"content":{"rendered":"<h2 class=\"mrgbottom30\">Gracias por contactar con nosotros.<\/h2>\n<p>&nbsp;<\/p>\n<p>Un especialista se pondr\u00e1 en contacto contigo pr\u00f3ximamente para asesorarte y ampliar informaci\u00f3n.<\/p>\n<p>&nbsp;<\/p>\n<p><a class=\"btn-backhome\" href=\"http:\/\/www.fercogestion.com\/es\/consigue-la-mejor-hipoteca-video\/\">Volver<\/a><\/p>\n","protected":false},"excerpt":{"rendered":"<p>Gracias por contactar con nosotros. &nbsp; Un especialista se pondr\u00e1 en contacto contigo pr\u00f3ximamente para asesorarte y ampliar informaci\u00f3n. &nbsp; Volver<\/p>\n","protected":false},"author":1,"featured_media":1134,"parent":9,"menu_order":0,"comment_status":"closed","ping_status":"closed","template":"page-confirmacionlanding.php","meta":{"footnotes":""},"class_list":["post-1143","page","type-page","status-publish","has-post-thumbnail","hentry"],"acf":[],"_links":{"self":[{"href":"https:\/\/www.fercogestion.com\/es\/wp-json\/wp\/v2\/pages\/1143","targetHints":{"allow":["GET"]}}],"collection":[{"href":"https:\/\/www.fercogestion.com\/es\/wp-json\/wp\/v2\/pages"}],"about":[{"href":"https:\/\/www.fercogestion.com\/es\/wp-json\/wp\/v2\/types\/page"}],"author":[{"embeddable":true,"href":"https:\/\/www.fercogestion.com\/es\/wp-json\/wp\/v2\/users\/1"}],"replies":[{"embeddable":true,"href":"https:\/\/www.fercogestion.com\/es\/wp-json\/wp\/v2\/comments?post=1143"}],"version-history":[{"count":2,"href":"https:\/\/www.fercogestion.com\/es\/wp-json\/wp\/v2\/pages\/1143\/revisions"}],"predecessor-version":[{"id":1148,"href":"https:\/\/www.fercogestion.com\/es\/wp-json\/wp\/v2\/pages\/1143\/revisions\/1148"}],"up":[{"embeddable":true,"href":"https:\/\/www.fercogestion.com\/es\/wp-json\/wp\/v2\/pages\/9"}],"wp:featuredmedia":[{"embeddable":true,"href":"https:\/\/www.fercogestion.com\/es\/wp-json\/wp\/v2\/media\/1134"}],"wp:attachment":[{"href":"https:\/\/www.fercogestion.com\/es\/wp-json\/wp\/v2\/media?parent=1143"}],"curies":[{"name":"wp","href":"https:\/\/api.w.org\/{rel}","templated":true}]}}