{"id":686,"date":"2018-04-10T09:50:51","date_gmt":"2018-04-10T09:50:51","guid":{"rendered":"http:\/\/www.fercogestion.com\/condiciones-legales\/"},"modified":"2018-04-10T10:40:28","modified_gmt":"2018-04-10T10:40:28","slug":"condiciones-legales","status":"publish","type":"page","link":"https:\/\/www.fercogestion.com\/ca\/condiciones-legales\/","title":{"rendered":"Condicions legals"},"content":{"rendered":"<h1><strong>CONDICIONS GENERALS DE CONTRACTACI\u00d3<\/strong><\/h1>\n<p>Aquest document estableix les condicions generals de contractaci\u00f3 (en endavant &#8220;CGC&#8221;) de l&#8217;empresa\u00a0<strong>FERCO GESTI\u00d3 SL<\/strong>\u00a0(En endavant &#8220;<strong>FERCO FINANCIA<\/strong>&#8220;). Les CGC regulen la relaci\u00f3 contractual entre\u00a0<strong>FERCO FINANCIA<\/strong>\u00a0i les persones f\u00edsiques i jur\u00eddiques que subscriguin amb l&#8217;esmentada empresa el corresponent contracte d&#8217;intermediaci\u00f3 per a la concessi\u00f3 de cr\u00e8dits o pr\u00e9stecs (d&#8217;ara endavant, &#8220;<strong>ELS CLIENTS<\/strong>&#8220;), i quedaran incorporades a aquest.<\/p>\n<ol>\n<li><strong>FERCO GESTI\u00d3 SL<\/strong>, amb CIF B-64.843.626, i domicili al carrer Villarroel 216, 1\u00ba 3\u00aa (Barcelona), inscrita al Registre Mercantil de Barcelona, \u200b\u200bal tom 40.432, Foli 70, Full B 368.260, Inscripci\u00f3 1 \u00aa \u00e9s una entitat mercantil que opera al mercat financer espanyol actuant com a intermediari independent entre les diferents entitats financeres que vulguin atorgar finan\u00e7ament i les persones f\u00edsiques i jur\u00eddiques que necessitin la concessi\u00f3 de cr\u00e8dits o pr\u00e9stecs hipotecaris.<\/li>\n<li><strong>FERCO\u00a0FINANCIA<\/strong>\u00a0es compromet a seleccionar, entre els productes que s&#8217;ofereixen en el mercat, els que millor s&#8217;adaptin a les necessitats de<strong>\u00a0ELS CLIENTS<\/strong>, tenint en compte la informaci\u00f3 proporcionada per aquests a\u00a0<strong>FERCO\u00a0FINANCIA<\/strong>, presentant almenys tres ofertes vinculants d&#8217;entitats de cr\u00e8dit o altres empreses sobre les condicions jur\u00eddiques o econ\u00f2miques els assessorar\u00e0. \u00a0No obstant en el sup\u00f2sit que un cop estudiada la documentaci\u00f3 aportada per\u00a0<strong>DELS CLIENTS<\/strong>, no \u00e9s possible presentar tres ofertes vinculants a causa de les condicions del mercat financer, aquests podran desistir del contracte sense cost econ\u00f2mic, o b\u00e9 acceptar la \/ les ofertes que es li proposi \/ n, en els termes indicats en les cl\u00e0usules del contracte.<\/li>\n<li>El preu total que\u00a0<strong>ELS CLIENTS<\/strong>\u00a0hauran d&#8217;abonar a\u00a0<strong>FERCO\u00a0FINANCIA<\/strong>\u00a0per la seva tasca d&#8217;intermediaci\u00f3 financera, despr\u00e9s d&#8217;haver seleccionat, entre els productes que s&#8217;ofereixen en el mercat, els que millor s&#8217;adaptin a les caracter\u00edstiques del cr\u00e8dit sol.licitat per aquells, ser\u00e0 d&#8217;un m\u00e0xim del 5% del principal del pr\u00e9stec o cr\u00e8dit facturant un m\u00ednim de TRES MIL EUROS (3.000 .- \u20ac), sempre que es subscrigui finalment l&#8217;oferta vinculant que li presenti\u00a0<strong>FERCO FINANCIA<\/strong>, minutant a part els impostos i despeses que no es paguin a trav\u00e9s de\u00a0<strong>FERCO\u00a0FINANCIA<\/strong>, com per exemple, notaria, registre, impostos, gestoria, etc &#8230;, aix\u00ed com els serveis i productes que puguin ser necessaris contractar durant la tramitaci\u00f3 del pr\u00e9stec o cr\u00e8dit, com ara assegurances i taxaci\u00f3.\u00a0En el sup\u00f2sit que\u00a0<strong>ELS CLIENTS<\/strong>, decideixin no signar cap de les ofertes vinculants presentades per\u00a0<strong>FERCO\u00a0FINANCIA<\/strong>, no hauran d&#8217;abonar cap quantitat en concepte d&#8217;honoraris, sent els serveis prestats fins a aquest moment gratu\u00efts.<\/li>\n<li>Els honoraris seran abonats a\u00a0<strong>FERCO FINANCIA<\/strong>\u00a0en el moment de la signatura del nou cr\u00e8dit o pr\u00e9stec hipotecari, a trav\u00e9s de xec bancari, o mitjan\u00e7ant ingr\u00e9s efectuat en compte corrent indicat a aquest efecte.<\/li>\n<li><strong>ELS CLIENTS<\/strong>\u00a0podran desistir del contracte d&#8217;intermediaci\u00f3 subscrit amb\u00a0<strong>FERCO FINANCIA<\/strong>\u00a0en els catorze dies naturals seg\u00fcents a la formalitzaci\u00f3 d&#8217;aquest, sense legaci\u00f3 de causa i sense penalitzaci\u00f3, remetent a\u00a0<strong>FERCO\u00a0FINANCIA<\/strong>\u00a0el corresponent requeriment fefaent, dins el termini indicat, al carrer Villarroel 216, 2\u00ba 4\u00aa (Barcelona).<\/li>\n<li><strong>FERCO\u00a0FINANCIA<\/strong>\u00a0podr\u00e0 resoldre el contracte una vegada hagi constatat la impossibilitat de trobar una soluci\u00f3 en el mercat que s&#8217;ajusti als requeriments de\u00a0<strong>ELS CLIENTS<\/strong>, notificant a aquests per escrit, via electr\u00f2nica, fax o correu ordinari.<\/li>\n<li><strong>FERCO FINANCIA<\/strong>\u00a0disposa de p\u00e0gina web www.fercogestion.com<\/li>\n<li>D&#8217;acord amb el que estableix la Llei Org\u00e0nica 15\/1999 de Protecci\u00f3 de Dades de Car\u00e0cter Personal, l&#8217;informem que les seves dades personals seran incloses en un fitxer automatitzat sota la responsabilitat de\u00a0<strong>FERCO GESTI\u00d3<\/strong>, SL, amb la finalitat de poder atendre als compromisos derivats de la relaci\u00f3 que mantenim amb vost\u00e8.<\/li>\n<\/ol>\n<p>Aix\u00ed mateix, l&#8217;informem que pot exercir els seus drets d&#8217;acc\u00e9s, cancelaci\u00f3, recitificaci\u00f3n i oposici\u00f3 mitjan\u00e7ant escrit a la nostra adre\u00e7a Carrer\u00a0Villarroel 216, 2\u00ba 4\u00aa\u00a0(Barcelona).\u00a0Mentre no ens comuniqui el contrari, entendrem que les seves dades no han estat modificats, que vost\u00e8 es compromet a notificar-nos qualsevol variaci\u00f3 i que tenim el consentiment per utilitzar a fi de poder fidelitzar la relaci\u00f3 entre les parts. Tamb\u00e9 demanem el seu consentiment per a la comunicaci\u00f3 de les dades a altres empreses quan aquesta comunicaci\u00f3 sigui necess\u00e0ria per a l&#8217;execuci\u00f3 d&#8217;aquest contracte o pugui suposar una millora en la relaci\u00f3 entre ambdues parts i cedir les dades a entitats financeres per poder aconseguir el finan\u00e7ament requerit.<\/p>\n<p>Per a qualsevol dubte, interpretaci\u00f3 o execuci\u00f3 del contracte d&#8217;intermediaci\u00f3 que<strong>\u00a0ELS CLIENTS<\/strong>\u00a0subscriguin amb\u00a0<strong>FERCO\u00a0FINANCIA<\/strong>, ambdues parts amb ren\u00fancia expressa al seu propi fur, oa qualsevol altre que pogu\u00e9s correspondre&#8217;ls se sotmetran al a jurisdicci\u00f3 dels Jutjats i Tribunals de Barcelona , renunciant expressament a l&#8217;arbitratge de consum.<\/p>\n","protected":false},"excerpt":{"rendered":"<p>CONDICIONS GENERALS DE CONTRACTACI\u00d3 Aquest document estableix les condicions generals de contractaci\u00f3 (en endavant &#8220;CGC&#8221;) de l&#8217;empresa\u00a0FERCO GESTI\u00d3 SL\u00a0(En endavant &#8220;FERCO FINANCIA&#8220;). Les CGC regulen la relaci\u00f3 contractual entre\u00a0FERCO FINANCIA\u00a0i les persones f\u00edsiques i jur\u00eddiques que subscriguin amb l&#8217;esmentada empresa&#8230; <span class=\"read-more\">llegir m\u00e9s<\/span><\/p>\n","protected":false},"author":1,"featured_media":295,"parent":0,"menu_order":0,"comment_status":"closed","ping_status":"closed","template":"page-confirmacion.php","meta":{"footnotes":""},"class_list":["post-686","page","type-page","status-publish","has-post-thumbnail","hentry"],"acf":[],"_links":{"self":[{"href":"https:\/\/www.fercogestion.com\/ca\/wp-json\/wp\/v2\/pages\/686","targetHints":{"allow":["GET"]}}],"collection":[{"href":"https:\/\/www.fercogestion.com\/ca\/wp-json\/wp\/v2\/pages"}],"about":[{"href":"https:\/\/www.fercogestion.com\/ca\/wp-json\/wp\/v2\/types\/page"}],"author":[{"embeddable":true,"href":"https:\/\/www.fercogestion.com\/ca\/wp-json\/wp\/v2\/users\/1"}],"replies":[{"embeddable":true,"href":"https:\/\/www.fercogestion.com\/ca\/wp-json\/wp\/v2\/comments?post=686"}],"version-history":[{"count":2,"href":"https:\/\/www.fercogestion.com\/ca\/wp-json\/wp\/v2\/pages\/686\/revisions"}],"predecessor-version":[{"id":689,"href":"https:\/\/www.fercogestion.com\/ca\/wp-json\/wp\/v2\/pages\/686\/revisions\/689"}],"wp:featuredmedia":[{"embeddable":true,"href":"https:\/\/www.fercogestion.com\/ca\/wp-json\/wp\/v2\/media\/295"}],"wp:attachment":[{"href":"https:\/\/www.fercogestion.com\/ca\/wp-json\/wp\/v2\/media?parent=686"}],"curies":[{"name":"wp","href":"https:\/\/api.w.org\/{rel}","templated":true}]}}